{"id":3170,"date":"2024-02-26T14:25:38","date_gmt":"2024-02-26T13:25:38","guid":{"rendered":"https:\/\/fundacionpaulacristina.org\/?page_id=3170"},"modified":"2025-05-16T21:34:18","modified_gmt":"2025-05-16T19:34:18","slug":"informes-de-gestion","status":"publish","type":"page","link":"https:\/\/fundacionpaulacristina.org\/en\/informes-de-gestion\/","title":{"rendered":"Management Reports"},"content":{"rendered":"<div data-elementor-type=\"wp-page\" data-elementor-id=\"3170\" class=\"elementor elementor-3170\" data-elementor-post-type=\"page\">\n\t\t\t\t<div class=\"elementor-element elementor-element-b79c9a0 e-flex e-con-boxed e-con e-parent\" data-id=\"b79c9a0\" data-element_type=\"container\" data-settings=\"{&quot;content_width&quot;:&quot;boxed&quot;,&quot;ekit_has_onepagescroll_dot&quot;:&quot;yes&quot;}\" data-core-v316-plus=\"true\">\n\t\t\t\t\t<div class=\"e-con-inner\">\n\t\t<div class=\"elementor-element elementor-element-33f512a e-con-full e-flex e-con e-child\" data-id=\"33f512a\" data-element_type=\"container\" data-settings=\"{&quot;content_width&quot;:&quot;full&quot;,&quot;ekit_has_onepagescroll_dot&quot;:&quot;yes&quot;}\">\n\t\t\t\t<div class=\"elementor-element elementor-element-1ea6633 elementor-widget elementor-widget-heading\" data-id=\"1ea6633\" data-element_type=\"widget\" data-settings=\"{&quot;ekit_we_effect_on&quot;:&quot;none&quot;}\" data-widget_type=\"heading.default\">\n\t\t\t\t<div class=\"elementor-widget-container\">\n\t\t\t<style>\/*! elementor - v3.19.0 - 28-02-2024 *\/\n.elementor-heading-title{padding:0;margin:0;line-height:1}.elementor-widget-heading .elementor-heading-title[class*=elementor-size-]>a{color:inherit;font-size:inherit;line-height:inherit}.elementor-widget-heading .elementor-heading-title.elementor-size-small{font-size:15px}.elementor-widget-heading .elementor-heading-title.elementor-size-medium{font-size:19px}.elementor-widget-heading .elementor-heading-title.elementor-size-large{font-size:29px}.elementor-widget-heading .elementor-heading-title.elementor-size-xl{font-size:39px}.elementor-widget-heading .elementor-heading-title.elementor-size-xxl{font-size:59px}<\/style><h1 class=\"elementor-heading-title elementor-size-default\">Management Reports<\/h1>\t\t<\/div>\n\t\t\t\t<\/div>\n\t\t\t\t<\/div>\n\t\t\t\t\t<\/div>\n\t\t\t\t<\/div>\n\t\t<div class=\"elementor-element elementor-element-79c269b e-flex e-con-boxed e-con e-parent\" data-id=\"79c269b\" data-element_type=\"container\" data-settings=\"{&quot;content_width&quot;:&quot;boxed&quot;,&quot;ekit_has_onepagescroll_dot&quot;:&quot;yes&quot;}\" data-core-v316-plus=\"true\">\n\t\t\t\t\t<div class=\"e-con-inner\">\n\t\t\t\t<div class=\"elementor-element elementor-element-71f0756 elementor-widget elementor-widget-text-editor\" data-id=\"71f0756\" data-element_type=\"widget\" data-settings=\"{&quot;ekit_we_effect_on&quot;:&quot;none&quot;}\" data-widget_type=\"text-editor.default\">\n\t\t\t\t<div class=\"elementor-widget-container\">\n\t\t\t<style>\/*! elementor - v3.19.0 - 28-02-2024 *\/\n.elementor-widget-text-editor.elementor-drop-cap-view-stacked .elementor-drop-cap{background-color:#69727d;color:#fff}.elementor-widget-text-editor.elementor-drop-cap-view-framed .elementor-drop-cap{color:#69727d;border:3px solid;background-color:transparent}.elementor-widget-text-editor:not(.elementor-drop-cap-view-default) .elementor-drop-cap{margin-top:8px}.elementor-widget-text-editor:not(.elementor-drop-cap-view-default) .elementor-drop-cap-letter{width:1em;height:1em}.elementor-widget-text-editor .elementor-drop-cap{float:left;text-align:center;line-height:1;font-size:50px}.elementor-widget-text-editor .elementor-drop-cap-letter{display:inline-block}<\/style>\t\t\t\t<p>Here you will be able to see the reports of management of the foundation of our company in recent years.<\/p>\t\t\t\t\t\t<\/div>\n\t\t\t\t<\/div>\n\t\t\t\t<div class=\"elementor-element elementor-element-a047455 elementor-widget elementor-widget-elementskit-timeline\" data-id=\"a047455\" data-element_type=\"widget\" data-settings=\"{&quot;ekit_we_effect_on&quot;:&quot;none&quot;}\" data-widget_type=\"elementskit-timeline.default\">\n\t\t\t\t<div class=\"elementor-widget-container\">\n\t\t\t<div class=\"ekit-wid-con\" >        <div class=\"timeline-area vertical-timeline  multi-gradient floating-style bothside\" > \n\n         \n                    <div class=\"single-timeline media single-timeline-count-1 elementor-repeater-item-377a436\" >\n                            <div class=\"timeline-item media elementskit-invisible\" data-settings=\"{&quot;_animation&quot;:&quot;fadeIn&quot;}\">\n                                <div class=\"timeline-content\">\n\n                                     \n                                                                            <h3 class=\"title\"><a href=\"https:\/\/fundacionpaulacristina.org\/wp-content\/uploads\/2025\/05\/INFORME-DE-GESTION-2024.pdf\" rel=\"\" target=\"_blank\">MANAGEMENT REPORT 2024<\/a><\/h3>\n                                    \n                              \n\n\n                            \n                                <\/div><!-- .timeline-content END -->\n                                                               <div class=\"timeline-pin\"><\/div>\n                            <\/div><!-- .timeline-item .media END -->\n\n                    \n                    <div class=\"timeline-info\" data-settings=\"{&quot;_animation&quot;:&quot;&quot;}\">\n                    \n                    <h4 class=\"date\">\n                                        2024 <\/h4>\n\n                                         <\/div>\n\n                                    <div class=\"timeline-img\"><\/div>\n\n\n           \n                        <\/div><!-- .single-timeline .media END -->\n       \n                    <div class=\"single-timeline media single-timeline-count-2 elementor-repeater-item-e7fdb5c\" >\n                            <div class=\"timeline-item media elementskit-invisible\" data-settings=\"{&quot;_animation&quot;:&quot;fadeIn&quot;}\">\n                                <div class=\"timeline-content\">\n\n                                     \n                                                                            <h3 class=\"title\"><a href=\"https:\/\/fundacionpaulacristina.org\/wp-content\/uploads\/2024\/02\/INFORME-DE-GESTION-2023.pdf\" rel=\"\" target=\"_blank\">MANAGEMENT REPORT 2023<\/a><\/h3>\n                                    \n                              \n\n\n                            \n                                <\/div><!-- .timeline-content END -->\n                                                               <div class=\"timeline-pin\"><\/div>\n                            <\/div><!-- .timeline-item .media END -->\n\n                    \n                    <div class=\"timeline-info\" data-settings=\"{&quot;_animation&quot;:&quot;&quot;}\">\n                    \n                    <h4 class=\"date\">\n                                        2023 <\/h4>\n\n                                         <\/div>\n\n                                    <div class=\"timeline-img\"><\/div>\n\n\n           \n                        <\/div><!-- .single-timeline .media END -->\n       \n                    <div class=\"single-timeline media single-timeline-count-3 elementor-repeater-item-ff8da1d\" >\n                            <div class=\"timeline-item media elementskit-invisible\" data-settings=\"{&quot;_animation&quot;:&quot;fadeIn&quot;}\">\n                                <div class=\"timeline-content\">\n\n                                     \n                                                                            <h3 class=\"title\"><a href=\"https:\/\/fundacionpaulacristina.org\/wp-content\/uploads\/2024\/02\/INFORME-DE-GESTION-2022.pdf\" rel=\"\" target=\"_blank\">MANAGEMENT REPORT 2022<\/a><\/h3>\n                                    \n                              \n\n\n                            \n                                <\/div><!-- .timeline-content END -->\n                                                               <div class=\"timeline-pin\"><\/div>\n                            <\/div><!-- .timeline-item .media END -->\n\n                    \n                    <div class=\"timeline-info\" data-settings=\"{&quot;_animation&quot;:&quot;&quot;}\">\n                    \n                    <h4 class=\"date\">\n                                        2022 <\/h4>\n\n                                         <\/div>\n\n                                    <div class=\"timeline-img\"><\/div>\n\n\n           \n                        <\/div><!-- .single-timeline .media END -->\n       \n                    <div class=\"single-timeline media single-timeline-count-4 elementor-repeater-item-a1b9883\" >\n                            <div class=\"timeline-item media elementskit-invisible\" data-settings=\"{&quot;_animation&quot;:&quot;fadeIn&quot;}\">\n                                <div class=\"timeline-content\">\n\n                                     \n                                                                            <h3 class=\"title\"><a href=\"https:\/\/fundacionpaulacristina.org\/wp-content\/uploads\/2024\/02\/ANEXOS-INFORME-2022.pdf\" rel=\"\" target=\"_blank\">ANNEXES REPORT 2022<\/a><\/h3>\n                                    \n                              \n\n\n                            \n                                <\/div><!-- .timeline-content END -->\n                                                               <div class=\"timeline-pin\"><\/div>\n                            <\/div><!-- .timeline-item .media END -->\n\n                    \n                    <div class=\"timeline-info\" data-settings=\"{&quot;_animation&quot;:&quot;&quot;}\">\n                    \n                    <h4 class=\"date\">\n                                        2022 <\/h4>\n\n                                         <\/div>\n\n                                    <div class=\"timeline-img\"><\/div>\n\n\n           \n                        <\/div><!-- .single-timeline .media END -->\n       \n                    <div class=\"single-timeline media single-timeline-count-5 elementor-repeater-item-9bb0686\" >\n                            <div class=\"timeline-item media elementskit-invisible\" data-settings=\"{&quot;_animation&quot;:&quot;fadeIn&quot;}\">\n                                <div class=\"timeline-content\">\n\n                                     \n                                                                            <h3 class=\"title\"><a href=\"https:\/\/fundacionpaulacristina.org\/wp-content\/uploads\/2024\/02\/INFORME-DE-GESTION-2021.pdf\" rel=\"\" target=\"_blank\">MANAGEMENT REPORT 2021<\/a><\/h3>\n                                    \n                              \n\n\n                            \n                                <\/div><!-- .timeline-content END -->\n                                                               <div class=\"timeline-pin\"><\/div>\n                            <\/div><!-- .timeline-item .media END -->\n\n                    \n                    <div class=\"timeline-info\" data-settings=\"{&quot;_animation&quot;:&quot;&quot;}\">\n                    \n                    <h4 class=\"date\">\n                                        2021 <\/h4>\n\n                                         <\/div>\n\n                                    <div class=\"timeline-img\"><\/div>\n\n\n           \n                        <\/div><!-- .single-timeline .media END -->\n       \n                    <div class=\"single-timeline media single-timeline-count-6 elementor-repeater-item-b7518d1\" >\n                            <div class=\"timeline-item media elementskit-invisible\" data-settings=\"{&quot;_animation&quot;:&quot;fadeIn&quot;}\">\n                                <div class=\"timeline-content\">\n\n                                     \n                                                                            <h3 class=\"title\"><a href=\"https:\/\/fundacionpaulacristina.org\/wp-content\/uploads\/2024\/02\/INFORME-DE-GESTION-2020.pdf\" rel=\"\" target=\"_blank\">MANAGEMENT REPORT 2020<\/a><\/h3>\n                                    \n                              \n\n\n                            \n                                <\/div><!-- .timeline-content END -->\n                                                               <div class=\"timeline-pin\"><\/div>\n                            <\/div><!-- .timeline-item .media END -->\n\n                    \n                    <div class=\"timeline-info\" data-settings=\"{&quot;_animation&quot;:&quot;&quot;}\">\n                    \n                    <h4 class=\"date\">\n                                        2020 <\/h4>\n\n                                         <\/div>\n\n                                    <div class=\"timeline-img\"><\/div>\n\n\n           \n                        <\/div><!-- .single-timeline .media END -->\n       \n                    <div class=\"single-timeline media single-timeline-count-7 elementor-repeater-item-6c40cc8\" >\n                            <div class=\"timeline-item media elementskit-invisible\" data-settings=\"{&quot;_animation&quot;:&quot;fadeIn&quot;}\">\n                                <div class=\"timeline-content\">\n\n                                     \n                                                                            <h3 class=\"title\"><a href=\"https:\/\/fundacionpaulacristina.org\/wp-content\/uploads\/2024\/02\/INFORME-DE-GESTION-2019.pdf\" rel=\"\" target=\"_self\">MANAGEMENT REPORT 2019<\/a><\/h3>\n                                    \n                              \n\n\n                            \n                                <\/div><!-- .timeline-content END -->\n                                                               <div class=\"timeline-pin\"><\/div>\n                            <\/div><!-- .timeline-item .media END -->\n\n                    \n                    <div class=\"timeline-info\" data-settings=\"{&quot;_animation&quot;:&quot;&quot;}\">\n                    \n                    <h4 class=\"date\">\n                                        2019 <\/h4>\n\n                                         <\/div>\n\n                                    <div class=\"timeline-img\"><\/div>\n\n\n           \n                        <\/div><!-- .single-timeline .media END -->\n           <div class=\"timeline-bar\"><\/div>\n    <\/div><\/div>\t\t<\/div>\n\t\t\t\t<\/div>\n\t\t\t\t\t<\/div>\n\t\t\t\t<\/div>\n\t\t\t\t<\/div>","protected":false},"excerpt":{"rendered":"<p>Aqu\u00ed podr\u00e1s ver los informes de gesti\u00f3n de nuestra fundaci\u00f3n en los \u00faltimos a\u00f1os. INFORME DE GESTI\u00d3N 2024 2024 INFORME DE GESTI\u00d3N 2023 2023 INFORME DE GESTI\u00d3N 2022 2022 ANEXOS INFORME 2022 2022 INFORME DE GESTI\u00d3N 2021 2021 INFORME DE GESTI\u00d3N 2020 2020 INFORME DE GESTI\u00d3N 2019 2019<\/p>","protected":false},"author":1,"featured_media":0,"parent":0,"menu_order":0,"comment_status":"closed","ping_status":"closed","template":"","meta":{"footnotes":""},"class_list":["post-3170","page","type-page","status-publish","hentry"],"_links":{"self":[{"href":"https:\/\/fundacionpaulacristina.org\/en\/wp-json\/wp\/v2\/pages\/3170","targetHints":{"allow":["GET"]}}],"collection":[{"href":"https:\/\/fundacionpaulacristina.org\/en\/wp-json\/wp\/v2\/pages"}],"about":[{"href":"https:\/\/fundacionpaulacristina.org\/en\/wp-json\/wp\/v2\/types\/page"}],"author":[{"embeddable":true,"href":"https:\/\/fundacionpaulacristina.org\/en\/wp-json\/wp\/v2\/users\/1"}],"replies":[{"embeddable":true,"href":"https:\/\/fundacionpaulacristina.org\/en\/wp-json\/wp\/v2\/comments?post=3170"}],"version-history":[{"count":0,"href":"https:\/\/fundacionpaulacristina.org\/en\/wp-json\/wp\/v2\/pages\/3170\/revisions"}],"wp:attachment":[{"href":"https:\/\/fundacionpaulacristina.org\/en\/wp-json\/wp\/v2\/media?parent=3170"}],"curies":[{"name":"wp","href":"https:\/\/api.w.org\/{rel}","templated":true}]}}