{"id":322,"date":"2024-01-22T11:19:47","date_gmt":"2024-01-22T10:19:47","guid":{"rendered":"https:\/\/fundacionpaulacristina.org\/?page_id=322"},"modified":"2024-03-13T18:59:00","modified_gmt":"2024-03-13T17:59:00","slug":"nuestra-fundadora","status":"publish","type":"page","link":"https:\/\/fundacionpaulacristina.org\/en\/nuestra-fundadora\/","title":{"rendered":"Our Founder"},"content":{"rendered":"<div data-elementor-type=\"wp-page\" data-elementor-id=\"322\" class=\"elementor elementor-322\" data-elementor-post-type=\"page\">\n\t\t\t\t<div class=\"elementor-element elementor-element-cdbbc47 e-flex e-con-boxed e-con e-parent\" data-id=\"cdbbc47\" data-element_type=\"container\" data-settings=\"{&quot;content_width&quot;:&quot;boxed&quot;,&quot;ekit_has_onepagescroll_dot&quot;:&quot;yes&quot;}\" data-core-v316-plus=\"true\">\n\t\t\t\t\t<div class=\"e-con-inner\">\n\t\t<div class=\"elementor-element elementor-element-c9b92ab e-con-full e-flex e-con e-child\" data-id=\"c9b92ab\" data-element_type=\"container\" data-settings=\"{&quot;content_width&quot;:&quot;full&quot;,&quot;ekit_has_onepagescroll_dot&quot;:&quot;yes&quot;}\">\n\t\t\t\t<div class=\"elementor-element elementor-element-d591609 elementor-widget elementor-widget-heading\" data-id=\"d591609\" data-element_type=\"widget\" data-settings=\"{&quot;ekit_we_effect_on&quot;:&quot;none&quot;}\" data-widget_type=\"heading.default\">\n\t\t\t\t<div class=\"elementor-widget-container\">\n\t\t\t<style>\/*! elementor - v3.19.0 - 28-02-2024 *\/\n.elementor-heading-title{padding:0;margin:0;line-height:1}.elementor-widget-heading .elementor-heading-title[class*=elementor-size-]>a{color:inherit;font-size:inherit;line-height:inherit}.elementor-widget-heading .elementor-heading-title.elementor-size-small{font-size:15px}.elementor-widget-heading .elementor-heading-title.elementor-size-medium{font-size:19px}.elementor-widget-heading .elementor-heading-title.elementor-size-large{font-size:29px}.elementor-widget-heading .elementor-heading-title.elementor-size-xl{font-size:39px}.elementor-widget-heading .elementor-heading-title.elementor-size-xxl{font-size:59px}<\/style><h1 class=\"elementor-heading-title elementor-size-default\">Our Founder<\/h1>\t\t<\/div>\n\t\t\t\t<\/div>\n\t\t\t\t<div class=\"elementor-element elementor-element-2eb086b elementor-widget elementor-widget-text-editor\" data-id=\"2eb086b\" data-element_type=\"widget\" data-settings=\"{&quot;ekit_we_effect_on&quot;:&quot;none&quot;}\" data-widget_type=\"text-editor.default\">\n\t\t\t\t<div class=\"elementor-widget-container\">\n\t\t\t<style>\/*! elementor - v3.19.0 - 28-02-2024 *\/\n.elementor-widget-text-editor.elementor-drop-cap-view-stacked .elementor-drop-cap{background-color:#69727d;color:#fff}.elementor-widget-text-editor.elementor-drop-cap-view-framed .elementor-drop-cap{color:#69727d;border:3px solid;background-color:transparent}.elementor-widget-text-editor:not(.elementor-drop-cap-view-default) .elementor-drop-cap{margin-top:8px}.elementor-widget-text-editor:not(.elementor-drop-cap-view-default) .elementor-drop-cap-letter{width:1em;height:1em}.elementor-widget-text-editor .elementor-drop-cap{float:left;text-align:center;line-height:1;font-size:50px}.elementor-widget-text-editor .elementor-drop-cap-letter{display:inline-block}<\/style>\t\t\t\tI'm Paula Cristina Villada Taborda, a female model 1979 in Medellin, Antioquia. The mother of two daughters Kathe and Cami, and a grandmother of a beautiful Angel. I trained academically as a Business Manager and I majored in Management of Human Talent where I discovered that my passion is working with and for people. I was strengthening my skills in programs, workshops and seminars related to the Nlp to improve the BE to MAKE.<br><br>\n\nIn 2019 di start the process of creating my Foundation, which has been full of challenges that have led me to make decisions blunt and needed to be put in place, such was my decision, and my belief in having found the purpose of my life, that I did not hesitate a single second to take the decision of quitting a job of 22 years at the one who had job stability and a very good salary, because he was the director of Human Management of a large company that was, for me, my school and university.<br><br>\nI'm a true believer that life has been very good to me, regardless of the circumstances, I consider that, on my way, I've had great fortunes, and I've crossed paths with amazing people that I only have gratitude for all I have learned greatly.\t\t\t\t\t\t<\/div>\n\t\t\t\t<\/div>\n\t\t\t\t<\/div>\n\t\t<div class=\"elementor-element elementor-element-1735e02 e-con-full e-flex e-con e-child\" data-id=\"1735e02\" data-element_type=\"container\" data-settings=\"{&quot;content_width&quot;:&quot;full&quot;,&quot;ekit_has_onepagescroll_dot&quot;:&quot;yes&quot;}\">\n\t\t\t\t<div class=\"elementor-element elementor-element-ae47ca3 elementor-widget elementor-widget-image\" data-id=\"ae47ca3\" data-element_type=\"widget\" data-settings=\"{&quot;ekit_we_effect_on&quot;:&quot;none&quot;}\" data-widget_type=\"image.default\">\n\t\t\t\t<div class=\"elementor-widget-container\">\n\t\t\t<style>\/*! elementor - v3.19.0 - 28-02-2024 *\/\n.elementor-widget-image{text-align:center}.elementor-widget-image a{display:inline-block}.elementor-widget-image a img[src$=\".svg\"]{width:48px}.elementor-widget-image img{vertical-align:middle;display:inline-block}<\/style>\t\t\t\t\t\t\t\t\t\t<img fetchpriority=\"high\" decoding=\"async\" width=\"1920\" height=\"2560\" src=\"https:\/\/fundacionpaulacristina.org\/wp-content\/uploads\/2024\/02\/foto_paula-scaled.jpg\" class=\"attachment-full size-full wp-image-3076\" alt=\"\" srcset=\"https:\/\/fundacionpaulacristina.org\/wp-content\/uploads\/2024\/02\/foto_paula-scaled.jpg 1920w, https:\/\/fundacionpaulacristina.org\/wp-content\/uploads\/2024\/02\/foto_paula-225x300.jpg 225w, https:\/\/fundacionpaulacristina.org\/wp-content\/uploads\/2024\/02\/foto_paula-768x1024.jpg 768w, https:\/\/fundacionpaulacristina.org\/wp-content\/uploads\/2024\/02\/foto_paula-1152x1536.jpg 1152w, https:\/\/fundacionpaulacristina.org\/wp-content\/uploads\/2024\/02\/foto_paula-1536x2048.jpg 1536w, https:\/\/fundacionpaulacristina.org\/wp-content\/uploads\/2024\/02\/foto_paula-600x800.jpg 600w\" sizes=\"(max-width: 1920px) 100vw, 1920px\" \/>\t\t\t\t\t\t\t\t\t\t\t\t\t<\/div>\n\t\t\t\t<\/div>\n\t\t\t\t<\/div>\n\t\t\t\t\t<\/div>\n\t\t\t\t<\/div>\n\t\t<div class=\"elementor-element elementor-element-2a4aef1 e-flex e-con-boxed e-con e-parent\" data-id=\"2a4aef1\" data-element_type=\"container\" data-settings=\"{&quot;background_background&quot;:&quot;gradient&quot;,&quot;content_width&quot;:&quot;boxed&quot;,&quot;ekit_has_onepagescroll_dot&quot;:&quot;yes&quot;}\" data-core-v316-plus=\"true\">\n\t\t\t\t\t<div class=\"e-con-inner\">\n\t\t<div class=\"elementor-element elementor-element-c9dd911 e-con-full e-flex e-con e-child\" data-id=\"c9dd911\" data-element_type=\"container\" data-settings=\"{&quot;content_width&quot;:&quot;full&quot;,&quot;ekit_has_onepagescroll_dot&quot;:&quot;yes&quot;}\">\n\t\t\t\t<div class=\"elementor-element elementor-element-b097bf2 elementor-widget elementor-widget-heading\" data-id=\"b097bf2\" data-element_type=\"widget\" data-settings=\"{&quot;ekit_we_effect_on&quot;:&quot;none&quot;}\" data-widget_type=\"heading.default\">\n\t\t\t\t<div class=\"elementor-widget-container\">\n\t\t\t<h2 class=\"elementor-heading-title elementor-size-default\">Achievements<\/h2>\t\t<\/div>\n\t\t\t\t<\/div>\n\t\t\t\t<div class=\"elementor-element elementor-element-3d1b69e elementor-widget elementor-widget-text-editor\" data-id=\"3d1b69e\" data-element_type=\"widget\" data-settings=\"{&quot;ekit_we_effect_on&quot;:&quot;none&quot;}\" data-widget_type=\"text-editor.default\">\n\t\t\t\t<div class=\"elementor-widget-container\">\n\t\t\t\t\t\t\t<p>Getting with a great perseverance the following awards and recognitions<\/p>\t\t\t\t\t\t<\/div>\n\t\t\t\t<\/div>\n\t\t\t\t<\/div>\n\t\t<div class=\"elementor-element elementor-element-0bbb819 e-con-full e-flex e-con e-child\" data-id=\"0bbb819\" data-element_type=\"container\" data-settings=\"{&quot;content_width&quot;:&quot;full&quot;,&quot;ekit_has_onepagescroll_dot&quot;:&quot;yes&quot;}\">\n\t\t\t\t<div class=\"elementor-element elementor-element-d8ff12a elementor-widget elementor-widget-image\" data-id=\"d8ff12a\" data-element_type=\"widget\" data-settings=\"{&quot;ekit_we_effect_on&quot;:&quot;none&quot;}\" data-widget_type=\"image.default\">\n\t\t\t\t<div class=\"elementor-widget-container\">\n\t\t\t\t\t\t\t\t\t\t\t\t\t<img decoding=\"async\" width=\"1458\" height=\"1824\" src=\"https:\/\/fundacionpaulacristina.org\/wp-content\/uploads\/2024\/01\/NINA-LOGROS.png\" class=\"attachment-full size-full wp-image-332\" alt=\"\" srcset=\"https:\/\/fundacionpaulacristina.org\/wp-content\/uploads\/2024\/01\/NINA-LOGROS.png 1458w, https:\/\/fundacionpaulacristina.org\/wp-content\/uploads\/2024\/01\/NINA-LOGROS-240x300.png 240w, https:\/\/fundacionpaulacristina.org\/wp-content\/uploads\/2024\/01\/NINA-LOGROS-819x1024.png 819w, https:\/\/fundacionpaulacristina.org\/wp-content\/uploads\/2024\/01\/NINA-LOGROS-768x961.png 768w, https:\/\/fundacionpaulacristina.org\/wp-content\/uploads\/2024\/01\/NINA-LOGROS-1228x1536.png 1228w, https:\/\/fundacionpaulacristina.org\/wp-content\/uploads\/2024\/01\/NINA-LOGROS-600x751.png 600w\" sizes=\"(max-width: 1458px) 100vw, 1458px\" \/>\t\t\t\t\t\t\t\t\t\t\t\t\t<\/div>\n\t\t\t\t<\/div>\n\t\t\t\t<\/div>\n\t\t<div class=\"elementor-element elementor-element-4b7006d e-con-full e-flex e-con e-child\" data-id=\"4b7006d\" data-element_type=\"container\" data-settings=\"{&quot;content_width&quot;:&quot;full&quot;,&quot;ekit_has_onepagescroll_dot&quot;:&quot;yes&quot;}\">\n\t\t<div class=\"elementor-element elementor-element-67f3fd0 e-flex e-con-boxed e-con e-child\" data-id=\"67f3fd0\" data-element_type=\"container\" data-settings=\"{&quot;background_background&quot;:&quot;gradient&quot;,&quot;content_width&quot;:&quot;boxed&quot;,&quot;ekit_has_onepagescroll_dot&quot;:&quot;yes&quot;}\">\n\t\t\t\t\t<div class=\"e-con-inner\">\n\t\t\t\t<div class=\"elementor-element elementor-element-8d78c33 elementor-widget elementor-widget-text-editor\" data-id=\"8d78c33\" data-element_type=\"widget\" data-settings=\"{&quot;ekit_we_effect_on&quot;:&quot;none&quot;}\" data-widget_type=\"text-editor.default\">\n\t\t\t\t<div class=\"elementor-widget-container\">\n\t\t\t\t\t\t\t<strong>Leadership campaign<\/strong> \u201cIn the same boat\u201d (2020)\t\t\t\t\t\t<\/div>\n\t\t\t\t<\/div>\n\t\t\t\t\t<\/div>\n\t\t\t\t<\/div>\n\t\t<div class=\"elementor-element elementor-element-a347c66 e-flex e-con-boxed e-con e-child\" data-id=\"a347c66\" data-element_type=\"container\" data-settings=\"{&quot;background_background&quot;:&quot;gradient&quot;,&quot;content_width&quot;:&quot;boxed&quot;,&quot;ekit_has_onepagescroll_dot&quot;:&quot;yes&quot;}\">\n\t\t\t\t\t<div class=\"e-con-inner\">\n\t\t\t\t<div class=\"elementor-element elementor-element-68cc64a elementor-widget elementor-widget-text-editor\" data-id=\"68cc64a\" data-element_type=\"widget\" data-settings=\"{&quot;ekit_we_effect_on&quot;:&quot;none&quot;}\" data-widget_type=\"text-editor.default\">\n\t\t\t\t<div class=\"elementor-widget-container\">\n\t\t\t\t\t\t\t<strong>Support and assistance in strategic Planning and Leadership<\/strong> (Teachers of the CES). (2021)\t\t\t\t\t\t<\/div>\n\t\t\t\t<\/div>\n\t\t\t\t\t<\/div>\n\t\t\t\t<\/div>\n\t\t<div class=\"elementor-element elementor-element-03ff6c9 e-flex e-con-boxed e-con e-child\" data-id=\"03ff6c9\" data-element_type=\"container\" data-settings=\"{&quot;background_background&quot;:&quot;gradient&quot;,&quot;content_width&quot;:&quot;boxed&quot;,&quot;ekit_has_onepagescroll_dot&quot;:&quot;yes&quot;}\">\n\t\t\t\t\t<div class=\"e-con-inner\">\n\t\t\t\t<div class=\"elementor-element elementor-element-5d83f0f elementor-widget elementor-widget-text-editor\" data-id=\"5d83f0f\" data-element_type=\"widget\" data-settings=\"{&quot;ekit_we_effect_on&quot;:&quot;none&quot;}\" data-widget_type=\"text-editor.default\">\n\t\t\t\t<div class=\"elementor-widget-container\">\n\t\t\t\t\t\t\t<strong>Participation programme to Undertake Woman.<\/strong> (Year 2022)\t\t\t\t\t\t<\/div>\n\t\t\t\t<\/div>\n\t\t\t\t\t<\/div>\n\t\t\t\t<\/div>\n\t\t<div class=\"elementor-element elementor-element-02f6de7 e-flex e-con-boxed e-con e-child\" data-id=\"02f6de7\" data-element_type=\"container\" data-settings=\"{&quot;background_background&quot;:&quot;gradient&quot;,&quot;content_width&quot;:&quot;boxed&quot;,&quot;ekit_has_onepagescroll_dot&quot;:&quot;yes&quot;}\">\n\t\t\t\t\t<div class=\"e-con-inner\">\n\t\t\t\t<div class=\"elementor-element elementor-element-ee39411 elementor-widget elementor-widget-text-editor\" data-id=\"ee39411\" data-element_type=\"widget\" data-settings=\"{&quot;ekit_we_effect_on&quot;:&quot;none&quot;}\" data-widget_type=\"text-editor.default\">\n\t\t\t\t<div class=\"elementor-widget-container\">\n\t\t\t\t\t\t\t<strong>Winning WiinBe-Believe Me<\/strong> (Business incubator). (Year 2022)\t\t\t\t\t\t<\/div>\n\t\t\t\t<\/div>\n\t\t\t\t\t<\/div>\n\t\t\t\t<\/div>\n\t\t<div class=\"elementor-element elementor-element-3808c1e e-flex e-con-boxed e-con e-child\" data-id=\"3808c1e\" data-element_type=\"container\" data-settings=\"{&quot;background_background&quot;:&quot;gradient&quot;,&quot;content_width&quot;:&quot;boxed&quot;,&quot;ekit_has_onepagescroll_dot&quot;:&quot;yes&quot;}\">\n\t\t\t\t\t<div class=\"e-con-inner\">\n\t\t\t\t<div class=\"elementor-element elementor-element-6c8e36e elementor-widget elementor-widget-text-editor\" data-id=\"6c8e36e\" data-element_type=\"widget\" data-settings=\"{&quot;ekit_we_effect_on&quot;:&quot;none&quot;}\" data-widget_type=\"text-editor.default\">\n\t\t\t\t<div class=\"elementor-widget-container\">\n\t\t\t\t\t\t\tGovernor of Antioquia (<strong>Winning category women entrepreneurs Ant\u00f3jate of Antioquia<\/strong>). (Year 2022)\t\t\t\t\t\t<\/div>\n\t\t\t\t<\/div>\n\t\t\t\t\t<\/div>\n\t\t\t\t<\/div>\n\t\t<div class=\"elementor-element elementor-element-aad2a50 e-flex e-con-boxed e-con e-child\" data-id=\"aad2a50\" data-element_type=\"container\" data-settings=\"{&quot;background_background&quot;:&quot;gradient&quot;,&quot;content_width&quot;:&quot;boxed&quot;,&quot;ekit_has_onepagescroll_dot&quot;:&quot;yes&quot;}\">\n\t\t\t\t\t<div class=\"e-con-inner\">\n\t\t\t\t<div class=\"elementor-element elementor-element-fde4182 elementor-widget elementor-widget-text-editor\" data-id=\"fde4182\" data-element_type=\"widget\" data-settings=\"{&quot;ekit_we_effect_on&quot;:&quot;none&quot;}\" data-widget_type=\"text-editor.default\">\n\t\t\t\t<div class=\"elementor-widget-container\">\n\t\t\t\t\t\t\tAwards Phoenix (<strong>Finalist category leadership<\/strong>). (Year 2022)\t\t\t\t\t\t<\/div>\n\t\t\t\t<\/div>\n\t\t\t\t\t<\/div>\n\t\t\t\t<\/div>\n\t\t<div class=\"elementor-element elementor-element-6293f27 e-flex e-con-boxed e-con e-child\" data-id=\"6293f27\" data-element_type=\"container\" data-settings=\"{&quot;background_background&quot;:&quot;gradient&quot;,&quot;content_width&quot;:&quot;boxed&quot;,&quot;ekit_has_onepagescroll_dot&quot;:&quot;yes&quot;}\">\n\t\t\t\t\t<div class=\"e-con-inner\">\n\t\t\t\t<div class=\"elementor-element elementor-element-57a82d2 elementor-widget elementor-widget-text-editor\" data-id=\"57a82d2\" data-element_type=\"widget\" data-settings=\"{&quot;ekit_we_effect_on&quot;:&quot;none&quot;}\" data-widget_type=\"text-editor.default\">\n\t\t\t\t<div class=\"elementor-widget-container\">\n\t\t\t\t\t\t\tParticipation Companies aware (<strong>Volunteer program of Comfama<\/strong>). (Year 2023)\t\t\t\t\t\t<\/div>\n\t\t\t\t<\/div>\n\t\t\t\t\t<\/div>\n\t\t\t\t<\/div>\n\t\t<div class=\"elementor-element elementor-element-61a5a7d e-flex e-con-boxed e-con e-child\" data-id=\"61a5a7d\" data-element_type=\"container\" data-settings=\"{&quot;background_background&quot;:&quot;gradient&quot;,&quot;content_width&quot;:&quot;boxed&quot;,&quot;ekit_has_onepagescroll_dot&quot;:&quot;yes&quot;}\">\n\t\t\t\t\t<div class=\"e-con-inner\">\n\t\t\t\t<div class=\"elementor-element elementor-element-7347a39 elementor-widget elementor-widget-text-editor\" data-id=\"7347a39\" data-element_type=\"widget\" data-settings=\"{&quot;ekit_we_effect_on&quot;:&quot;none&quot;}\" data-widget_type=\"text-editor.default\">\n\t\t\t\t<div class=\"elementor-widget-container\">\n\t\t\t\t\t\t\t<strong>Consulting Social Fabric Comfama.<\/strong> (Year 2023).\t\t\t\t\t\t<\/div>\n\t\t\t\t<\/div>\n\t\t\t\t\t<\/div>\n\t\t\t\t<\/div>\n\t\t\t\t<\/div>\n\t\t\t\t\t<\/div>\n\t\t\t\t<\/div>\n\t\t\t\t<\/div>","protected":false},"excerpt":{"rendered":"<p>Soy Paula Cristina Villada Taborda, una mujer modelo 1979 de Medell\u00edn, Antioquia. Madre de dos hijas Kathe y Cami y abuela de un precioso \u00c1ngel. Me form\u00e9 acad\u00e9micamente como Administradora de Empresas y me especialic\u00e9 en Gerencia de Talento Humano donde descubr\u00ed que mi pasi\u00f3n es trabajar con y para las personas.\u00a0 Fui fortaleciendo mis [&hellip;]<\/p>","protected":false},"author":1,"featured_media":0,"parent":0,"menu_order":0,"comment_status":"closed","ping_status":"closed","template":"","meta":{"footnotes":""},"class_list":["post-322","page","type-page","status-publish","hentry"],"_links":{"self":[{"href":"https:\/\/fundacionpaulacristina.org\/en\/wp-json\/wp\/v2\/pages\/322","targetHints":{"allow":["GET"]}}],"collection":[{"href":"https:\/\/fundacionpaulacristina.org\/en\/wp-json\/wp\/v2\/pages"}],"about":[{"href":"https:\/\/fundacionpaulacristina.org\/en\/wp-json\/wp\/v2\/types\/page"}],"author":[{"embeddable":true,"href":"https:\/\/fundacionpaulacristina.org\/en\/wp-json\/wp\/v2\/users\/1"}],"replies":[{"embeddable":true,"href":"https:\/\/fundacionpaulacristina.org\/en\/wp-json\/wp\/v2\/comments?post=322"}],"version-history":[{"count":0,"href":"https:\/\/fundacionpaulacristina.org\/en\/wp-json\/wp\/v2\/pages\/322\/revisions"}],"wp:attachment":[{"href":"https:\/\/fundacionpaulacristina.org\/en\/wp-json\/wp\/v2\/media?parent=322"}],"curies":[{"name":"wp","href":"https:\/\/api.w.org\/{rel}","templated":true}]}}