{"id":518,"date":"2024-01-22T17:50:23","date_gmt":"2024-01-22T16:50:23","guid":{"rendered":"https:\/\/fundacionpaulacristina.org\/?page_id=518"},"modified":"2024-03-11T17:18:22","modified_gmt":"2024-03-11T16:18:22","slug":"plan-padrino-3","status":"publish","type":"page","link":"https:\/\/fundacionpaulacristina.org\/en\/plan-padrino-3\/","title":{"rendered":"Sponsorship Program"},"content":{"rendered":"<div data-elementor-type=\"wp-page\" data-elementor-id=\"518\" class=\"elementor elementor-518\" data-elementor-post-type=\"page\">\n\t\t\t\t<div class=\"elementor-element elementor-element-44e617a e-con-full e-flex e-con e-parent\" data-id=\"44e617a\" data-element_type=\"container\" data-settings=\"{&quot;content_width&quot;:&quot;full&quot;,&quot;ekit_has_onepagescroll_dot&quot;:&quot;yes&quot;}\" data-core-v316-plus=\"true\">\n\t\t<div class=\"elementor-element elementor-element-e9e6ce9 e-con-full e-flex e-con e-child\" data-id=\"e9e6ce9\" data-element_type=\"container\" data-settings=\"{&quot;content_width&quot;:&quot;full&quot;,&quot;ekit_has_onepagescroll_dot&quot;:&quot;yes&quot;}\">\n\t\t\t\t<div class=\"elementor-element elementor-element-0dc6114 elementor-widget elementor-widget-image\" data-id=\"0dc6114\" data-element_type=\"widget\" data-settings=\"{&quot;ekit_we_effect_on&quot;:&quot;none&quot;}\" data-widget_type=\"image.default\">\n\t\t\t\t<div class=\"elementor-widget-container\">\n\t\t\t<style>\/*! elementor - v3.19.0 - 28-02-2024 *\/\n.elementor-widget-image{text-align:center}.elementor-widget-image a{display:inline-block}.elementor-widget-image a img[src$=\".svg\"]{width:48px}.elementor-widget-image img{vertical-align:middle;display:inline-block}<\/style>\t\t\t\t\t\t\t\t\t\t<img fetchpriority=\"high\" decoding=\"async\" width=\"1023\" height=\"949\" src=\"https:\/\/fundacionpaulacristina.org\/wp-content\/uploads\/2024\/01\/Banner-copy-0.png\" class=\"attachment-full size-full wp-image-499\" alt=\"\" srcset=\"https:\/\/fundacionpaulacristina.org\/wp-content\/uploads\/2024\/01\/Banner-copy-0.png 1023w, https:\/\/fundacionpaulacristina.org\/wp-content\/uploads\/2024\/01\/Banner-copy-0-300x278.png 300w, https:\/\/fundacionpaulacristina.org\/wp-content\/uploads\/2024\/01\/Banner-copy-0-768x712.png 768w, https:\/\/fundacionpaulacristina.org\/wp-content\/uploads\/2024\/01\/Banner-copy-0-600x557.png 600w\" sizes=\"(max-width: 1023px) 100vw, 1023px\" \/>\t\t\t\t\t\t\t\t\t\t\t\t\t<\/div>\n\t\t\t\t<\/div>\n\t\t\t\t<\/div>\n\t\t<div class=\"elementor-element elementor-element-2dbcf99 e-con-full e-flex e-con e-child\" data-id=\"2dbcf99\" data-element_type=\"container\" data-settings=\"{&quot;content_width&quot;:&quot;full&quot;,&quot;ekit_has_onepagescroll_dot&quot;:&quot;yes&quot;}\">\n\t\t\t\t<div class=\"elementor-element elementor-element-1634946 elementor-widget elementor-widget-heading\" data-id=\"1634946\" data-element_type=\"widget\" data-settings=\"{&quot;ekit_we_effect_on&quot;:&quot;none&quot;}\" data-widget_type=\"heading.default\">\n\t\t\t\t<div class=\"elementor-widget-container\">\n\t\t\t<style>\/*! elementor - v3.19.0 - 28-02-2024 *\/\n.elementor-heading-title{padding:0;margin:0;line-height:1}.elementor-widget-heading .elementor-heading-title[class*=elementor-size-]>a{color:inherit;font-size:inherit;line-height:inherit}.elementor-widget-heading .elementor-heading-title.elementor-size-small{font-size:15px}.elementor-widget-heading .elementor-heading-title.elementor-size-medium{font-size:19px}.elementor-widget-heading .elementor-heading-title.elementor-size-large{font-size:29px}.elementor-widget-heading .elementor-heading-title.elementor-size-xl{font-size:39px}.elementor-widget-heading .elementor-heading-title.elementor-size-xxl{font-size:59px}<\/style><h1 class=\"elementor-heading-title elementor-size-default\">Sponsorship Program<\/h1>\t\t<\/div>\n\t\t\t\t<\/div>\n\t\t<div class=\"elementor-element elementor-element-cba595e e-flex e-con-boxed e-con e-child\" data-id=\"cba595e\" data-element_type=\"container\" data-settings=\"{&quot;content_width&quot;:&quot;boxed&quot;,&quot;ekit_has_onepagescroll_dot&quot;:&quot;yes&quot;}\">\n\t\t\t\t\t<div class=\"e-con-inner\">\n\t\t\t\t<div class=\"elementor-element elementor-element-40d9c93 elementor-widget elementor-widget-heading\" data-id=\"40d9c93\" data-element_type=\"widget\" data-settings=\"{&quot;ekit_we_effect_on&quot;:&quot;none&quot;}\" data-widget_type=\"heading.default\">\n\t\t\t\t<div class=\"elementor-widget-container\">\n\t\t\t<h2 class=\"elementor-heading-title elementor-size-default\">Be part of the plan Sponsor<\/h2>\t\t<\/div>\n\t\t\t\t<\/div>\n\t\t\t\t<div class=\"elementor-element elementor-element-f585fef elementor-widget elementor-widget-text-editor\" data-id=\"f585fef\" data-element_type=\"widget\" data-settings=\"{&quot;ekit_we_effect_on&quot;:&quot;none&quot;}\" data-widget_type=\"text-editor.default\">\n\t\t\t\t<div class=\"elementor-widget-container\">\n\t\t\t<style>\/*! elementor - v3.19.0 - 28-02-2024 *\/\n.elementor-widget-text-editor.elementor-drop-cap-view-stacked .elementor-drop-cap{background-color:#69727d;color:#fff}.elementor-widget-text-editor.elementor-drop-cap-view-framed .elementor-drop-cap{color:#69727d;border:3px solid;background-color:transparent}.elementor-widget-text-editor:not(.elementor-drop-cap-view-default) .elementor-drop-cap{margin-top:8px}.elementor-widget-text-editor:not(.elementor-drop-cap-view-default) .elementor-drop-cap-letter{width:1em;height:1em}.elementor-widget-text-editor .elementor-drop-cap{float:left;text-align:center;line-height:1;font-size:50px}.elementor-widget-text-editor .elementor-drop-cap-letter{display:inline-block}<\/style>\t\t\t\t<p>It is a chance rewarding to make a positive difference in the lives of the little ones. Is to assume a commitment of support to help with their basic needs such as education, health, and nutrition.<\/p>\t\t\t\t\t\t<\/div>\n\t\t\t\t<\/div>\n\t\t\t\t<div class=\"elementor-element elementor-element-94b6864 elementor-widget elementor-widget-heading\" data-id=\"94b6864\" data-element_type=\"widget\" data-settings=\"{&quot;ekit_we_effect_on&quot;:&quot;none&quot;}\" data-widget_type=\"heading.default\">\n\t\t\t\t<div class=\"elementor-widget-container\">\n\t\t\t<h2 class=\"elementor-heading-title elementor-size-default\">Objective of the plan sponsor<\/h2>\t\t<\/div>\n\t\t\t\t<\/div>\n\t\t\t\t<div class=\"elementor-element elementor-element-1edf54f elementor-widget elementor-widget-text-editor\" data-id=\"1edf54f\" data-element_type=\"widget\" data-settings=\"{&quot;ekit_we_effect_on&quot;:&quot;none&quot;}\" data-widget_type=\"text-editor.default\">\n\t\t\t\t<div class=\"elementor-widget-container\">\n\t\t\t\t\t\t\t<p>Provide holistic care and support family-both parents and their children in a condition of extreme poverty or victims of all types of violence (sexual, psychological, physical, etc.), with the aim of promoting with them, projects that improve living conditions and enable us to strengthen and ensure the rights of children and adolescents, generating an environment conducive to their development, in addition to obtaining a positive impact on society.<\/p>\t\t\t\t\t\t<\/div>\n\t\t\t\t<\/div>\n\t\t\t\t<div class=\"elementor-element elementor-element-1958e92 elementor-mobile-align-center elementor-widget elementor-widget-button\" data-id=\"1958e92\" data-element_type=\"widget\" data-settings=\"{&quot;ekit_we_effect_on&quot;:&quot;none&quot;}\" data-widget_type=\"button.default\">\n\t\t\t\t<div class=\"elementor-widget-container\">\n\t\t\t\t\t<div class=\"elementor-button-wrapper\">\n\t\t\t<a class=\"elementor-button elementor-button-link elementor-size-sm\" href=\"#elementor-action%3Aaction%3Dpopup%3Aopen%26settings%3DeyJpZCI6IjM2MDYiLCJ0b2dnbGUiOmZhbHNlfQ%3D%3D\">\n\t\t\t\t\t\t<span class=\"elementor-button-content-wrapper\">\n\t\t\t\t\t\t<span class=\"elementor-button-text\">Join the plan sponsor<\/span>\n\t\t<\/span>\n\t\t\t\t\t<\/a>\n\t\t<\/div>\n\t\t\t\t<\/div>\n\t\t\t\t<\/div>\n\t\t\t\t\t<\/div>\n\t\t\t\t<\/div>\n\t\t\t\t<\/div>\n\t\t\t\t<\/div>\n\t\t<div class=\"elementor-element elementor-element-30becb0 e-flex e-con-boxed e-con e-parent\" data-id=\"30becb0\" data-element_type=\"container\" data-settings=\"{&quot;content_width&quot;:&quot;boxed&quot;,&quot;ekit_has_onepagescroll_dot&quot;:&quot;yes&quot;}\" data-core-v316-plus=\"true\">\n\t\t\t\t\t<div class=\"e-con-inner\">\n\t\t\t\t<div class=\"elementor-element elementor-element-c63f110 elementor-widget elementor-widget-heading\" data-id=\"c63f110\" data-element_type=\"widget\" data-settings=\"{&quot;ekit_we_effect_on&quot;:&quot;none&quot;}\" data-widget_type=\"heading.default\">\n\t\t\t\t<div class=\"elementor-widget-container\">\n\t\t\t<h2 class=\"elementor-heading-title elementor-size-default\">FAQS<\/h2>\t\t<\/div>\n\t\t\t\t<\/div>\n\t\t\t\t\t<\/div>\n\t\t\t\t<\/div>\n\t\t<div class=\"elementor-element elementor-element-c33f1c7 e-flex e-con-boxed e-con e-parent\" data-id=\"c33f1c7\" data-element_type=\"container\" data-settings=\"{&quot;content_width&quot;:&quot;boxed&quot;,&quot;ekit_has_onepagescroll_dot&quot;:&quot;yes&quot;}\" data-core-v316-plus=\"true\">\n\t\t\t\t\t<div class=\"e-con-inner\">\n\t\t<div class=\"elementor-element elementor-element-2fe856f e-con-full e-flex e-con e-child\" data-id=\"2fe856f\" data-element_type=\"container\" data-settings=\"{&quot;content_width&quot;:&quot;full&quot;,&quot;ekit_has_onepagescroll_dot&quot;:&quot;yes&quot;}\">\n\t\t\t\t<div class=\"elementor-element elementor-element-2616759 elementor-widget elementor-widget-elementskit-accordion\" data-id=\"2616759\" data-element_type=\"widget\" data-settings=\"{&quot;ekit_we_effect_on&quot;:&quot;none&quot;}\" data-widget_type=\"elementskit-accordion.default\">\n\t\t\t\t<div class=\"elementor-widget-container\">\n\t\t\t<div class=\"ekit-wid-con\" >\n        <div class=\"elementskit-accordion accoedion-primary\" id=\"accordion-69ebe81ceb0d7\">\n\n            \n                <div class=\"elementskit-card\">\n                    <div class=\"elementskit-card-header\" id=\"primaryHeading-0-2616759\">\n                        <a href=\"#collapse-3d2bfec69ebe81ceb0d7\" class=\"ekit-accordion--toggler elementskit-btn-link collapsed\" data-ekit-toggle=\"collapse\" data-target=\"#Collapse-3d2bfec69ebe81ceb0d7\" aria-expanded=\"false\" aria-controls=\"Collapse-3d2bfec69ebe81ceb0d7\">\n                            \n                            <span class=\"ekit-accordion-title\">What is our methodology?<\/span>\n\n                            \n                                <div class=\"ekit_accordion_icon_group\">\n                                    <div class=\"ekit_accordion_normal_icon\">\n                                        <!-- Normal Icon -->\n                                        <i aria-hidden=\"true\" class=\"icon-open icon-right icon icon-down-arrow1\"><\/i>                                    <\/div>\n\n                                    <div class=\"ekit_accordion_active_icon\">\n                                        <!-- Active Icon -->\n                                        <i aria-hidden=\"true\" class=\"icon-closed icon-right icon icon-up-arrow\"><\/i>                                    <\/div>\n\n                                <\/div>\n\n                            \n                                                    <\/a>\n                    <\/div>\n\n                    <div id=\"Collapse-3d2bfec69ebe81ceb0d7\" class=\"collapse\" aria-labelledby=\"primaryHeading-0-2616759\" data-parent=\"#accordion-69ebe81ceb0d7\">\n\n                        <div class=\"elementskit-card-body ekit-accordion--content\">\n                            <p>Both mothers and children, personally attending to the Foundation Paula Cristina, with a weekly frequency to receive workshops led by health professionals, teachers and\/or pedagogas. For moms we design workshops for the Prevention of sexual Abuse and Positive Discipline. In addition, we build programs that allow them to improve their self-esteem, work together to build action plans that will lead to making your dreams come true, and may in the near future to generate income which allows them to be self-sustaining. With boys, girls and adolescents, we work in programs of Prevention of sexual abuse, Addiction Prevention, and Suicide Prevention and Values.<\/p>                        <\/div>\n\n                    <\/div>\n\n                <\/div><!-- .elementskit-card END -->\n\n                        <\/div>\n    <\/div>\t\t<\/div>\n\t\t\t\t<\/div>\n\t\t\t\t<\/div>\n\t\t<div class=\"elementor-element elementor-element-5861d44 e-con-full e-flex e-con e-child\" data-id=\"5861d44\" data-element_type=\"container\" data-settings=\"{&quot;content_width&quot;:&quot;full&quot;,&quot;ekit_has_onepagescroll_dot&quot;:&quot;yes&quot;}\">\n\t\t\t\t<div class=\"elementor-element elementor-element-989355d elementor-widget elementor-widget-elementskit-accordion\" data-id=\"989355d\" data-element_type=\"widget\" data-settings=\"{&quot;ekit_we_effect_on&quot;:&quot;none&quot;}\" data-widget_type=\"elementskit-accordion.default\">\n\t\t\t\t<div class=\"elementor-widget-container\">\n\t\t\t<div class=\"ekit-wid-con\" >\n        <div class=\"elementskit-accordion accoedion-primary\" id=\"accordion-69ebe81cec82f\">\n\n            \n                <div class=\"elementskit-card\">\n                    <div class=\"elementskit-card-header\" id=\"primaryHeading-0-989355d\">\n                        <a href=\"#collapse-3d2bfec69ebe81cec82f\" class=\"ekit-accordion--toggler elementskit-btn-link collapsed\" data-ekit-toggle=\"collapse\" data-target=\"#Collapse-3d2bfec69ebe81cec82f\" aria-expanded=\"false\" aria-controls=\"Collapse-3d2bfec69ebe81cec82f\">\n                            \n                            <span class=\"ekit-accordion-title\">Background to the plan sponsor<\/span>\n\n                            \n                                <div class=\"ekit_accordion_icon_group\">\n                                    <div class=\"ekit_accordion_normal_icon\">\n                                        <!-- Normal Icon -->\n                                        <i aria-hidden=\"true\" class=\"icon-open icon-right icon icon-down-arrow1\"><\/i>                                    <\/div>\n\n                                    <div class=\"ekit_accordion_active_icon\">\n                                        <!-- Active Icon -->\n                                        <i aria-hidden=\"true\" class=\"icon-closed icon-right icon icon-up-arrow\"><\/i>                                    <\/div>\n\n                                <\/div>\n\n                            \n                                                    <\/a>\n                    <\/div>\n\n                    <div id=\"Collapse-3d2bfec69ebe81cec82f\" class=\"collapse\" aria-labelledby=\"primaryHeading-0-989355d\" data-parent=\"#accordion-69ebe81cec82f\">\n\n                        <div class=\"elementskit-card-body ekit-accordion--content\">\n                            It was back in 2020, and our founder, carrying out a delivery of donations of markets to low-income families. Going into these communities and to share with the children, was springing up in his mind the idea of the project.<br> <br>\n\nOur founder, moved by the desire to help and offer a sustainable change in the lives of these children, imagined something beyond the help in point: an enduring connection and full of meaning.<br> <br>\n\nHe then decided to get in touch with your collaborators and benefactors of the foundation, to ask for material help and back this project, a bridge emotional that transcended the barriers of physical and economic.<br> <br>\n\nWith time, this project has grown and flourished. More than a simple act of charity, the Plan Sponsor has become a mutual commitment, where sponsors and sponsees contribute to each other's growth. Through the plan sponsor, we're building a future where every child, regardless of their economic environment, may have access to opportunities that allow them to grow, learn, and dream big.                        <\/div>\n\n                    <\/div>\n\n                <\/div><!-- .elementskit-card END -->\n\n                        <\/div>\n    <\/div>\t\t<\/div>\n\t\t\t\t<\/div>\n\t\t\t\t<\/div>\n\t\t\t\t\t<\/div>\n\t\t\t\t<\/div>\n\t\t<div class=\"elementor-element elementor-element-8e11714 e-flex e-con-boxed e-con e-parent\" data-id=\"8e11714\" data-element_type=\"container\" data-settings=\"{&quot;content_width&quot;:&quot;boxed&quot;,&quot;ekit_has_onepagescroll_dot&quot;:&quot;yes&quot;}\" data-core-v316-plus=\"true\">\n\t\t\t\t\t<div class=\"e-con-inner\">\n\t\t\t\t<div class=\"elementor-element elementor-element-d45b00d gallery_dot elementor-widget elementor-widget-image-gallery\" data-id=\"d45b00d\" data-element_type=\"widget\" data-settings=\"{&quot;ekit_we_effect_on&quot;:&quot;none&quot;}\" data-widget_type=\"image-gallery.default\">\n\t\t\t\t<div class=\"elementor-widget-container\">\n\t\t\t<style>\/*! elementor - v3.19.0 - 28-02-2024 *\/\n.elementor-image-gallery .gallery-item{display:inline-block;text-align:center;vertical-align:top;width:100%;max-width:100%;margin:0 auto}.elementor-image-gallery .gallery-item img{margin:0 auto}.elementor-image-gallery .gallery-item .gallery-caption{margin:0}.elementor-image-gallery figure img{display:block}.elementor-image-gallery figure figcaption{width:100%}.gallery-spacing-custom .elementor-image-gallery .gallery-icon{padding:0}@media (min-width:768px){.elementor-image-gallery .gallery-columns-2 .gallery-item{max-width:50%}.elementor-image-gallery .gallery-columns-3 .gallery-item{max-width:33.33%}.elementor-image-gallery .gallery-columns-4 .gallery-item{max-width:25%}.elementor-image-gallery .gallery-columns-5 .gallery-item{max-width:20%}.elementor-image-gallery .gallery-columns-6 .gallery-item{max-width:16.666%}.elementor-image-gallery .gallery-columns-7 .gallery-item{max-width:14.28%}.elementor-image-gallery .gallery-columns-8 .gallery-item{max-width:12.5%}.elementor-image-gallery .gallery-columns-9 .gallery-item{max-width:11.11%}.elementor-image-gallery .gallery-columns-10 .gallery-item{max-width:10%}}@media (min-width:480px) and (max-width:767px){.elementor-image-gallery .gallery.gallery-columns-2 .gallery-item,.elementor-image-gallery .gallery.gallery-columns-3 .gallery-item,.elementor-image-gallery .gallery.gallery-columns-4 .gallery-item,.elementor-image-gallery .gallery.gallery-columns-5 .gallery-item,.elementor-image-gallery .gallery.gallery-columns-6 .gallery-item,.elementor-image-gallery .gallery.gallery-columns-7 .gallery-item,.elementor-image-gallery .gallery.gallery-columns-8 .gallery-item,.elementor-image-gallery .gallery.gallery-columns-9 .gallery-item,.elementor-image-gallery .gallery.gallery-columns-10 .gallery-item{max-width:50%}}@media (max-width:479px){.elementor-image-gallery .gallery.gallery-columns-2 .gallery-item,.elementor-image-gallery .gallery.gallery-columns-3 .gallery-item,.elementor-image-gallery .gallery.gallery-columns-4 .gallery-item,.elementor-image-gallery .gallery.gallery-columns-5 .gallery-item,.elementor-image-gallery .gallery.gallery-columns-6 .gallery-item,.elementor-image-gallery .gallery.gallery-columns-7 .gallery-item,.elementor-image-gallery .gallery.gallery-columns-8 .gallery-item,.elementor-image-gallery .gallery.gallery-columns-9 .gallery-item,.elementor-image-gallery .gallery.gallery-columns-10 .gallery-item{max-width:100%}}<\/style>\t\t<div class=\"elementor-image-gallery\">\n\t\t\t<div id='gallery-1' class='gallery galleryid-518 gallery-columns-3 gallery-size-full'><figure class='gallery-item'>\n\t\t\t<div class='gallery-icon landscape'>\n\t\t\t\t<a data-elementor-open-lightbox=\"yes\" data-elementor-lightbox-slideshow=\"d45b00d\" data-e-action-hash=\"#elementor-action%3Aaction%3Dlightbox%26settings%3DeyJpZCI6MzEsInVybCI6Imh0dHBzOlwvXC9mdW5kYWNpb25wYXVsYWNyaXN0aW5hLm9yZ1wvd3AtY29udGVudFwvdXBsb2Fkc1wvMjAyNFwvMDFcL1ZvbHVudGFyaWFkby5wbmciLCJzbGlkZXNob3ciOiJkNDViMDBkIn0%3D\" href='https:\/\/fundacionpaulacristina.org\/wp-content\/uploads\/2024\/01\/Voluntariado.png'><img decoding=\"async\" width=\"2416\" height=\"2003\" src=\"https:\/\/fundacionpaulacristina.org\/wp-content\/uploads\/2024\/01\/Voluntariado.png\" class=\"attachment-full size-full\" alt=\"\" srcset=\"https:\/\/fundacionpaulacristina.org\/wp-content\/uploads\/2024\/01\/Voluntariado.png 2416w, https:\/\/fundacionpaulacristina.org\/wp-content\/uploads\/2024\/01\/Voluntariado-300x249.png 300w, https:\/\/fundacionpaulacristina.org\/wp-content\/uploads\/2024\/01\/Voluntariado-1024x849.png 1024w, https:\/\/fundacionpaulacristina.org\/wp-content\/uploads\/2024\/01\/Voluntariado-768x637.png 768w, https:\/\/fundacionpaulacristina.org\/wp-content\/uploads\/2024\/01\/Voluntariado-1536x1273.png 1536w, https:\/\/fundacionpaulacristina.org\/wp-content\/uploads\/2024\/01\/Voluntariado-2048x1698.png 2048w\" sizes=\"(max-width: 2416px) 100vw, 2416px\" \/><\/a>\n\t\t\t<\/div><\/figure><figure class='gallery-item'>\n\t\t\t<div class='gallery-icon portrait'>\n\t\t\t\t<a data-elementor-open-lightbox=\"yes\" data-elementor-lightbox-slideshow=\"d45b00d\" data-e-action-hash=\"#elementor-action%3Aaction%3Dlightbox%26settings%3DeyJpZCI6MzgsInVybCI6Imh0dHBzOlwvXC9mdW5kYWNpb25wYXVsYWNyaXN0aW5hLm9yZ1wvd3AtY29udGVudFwvdXBsb2Fkc1wvMjAyNFwvMDFcL1BsYW4tUGFkcmluby5qcGciLCJzbGlkZXNob3ciOiJkNDViMDBkIn0%3D\" href='https:\/\/fundacionpaulacristina.org\/wp-content\/uploads\/2024\/01\/Plan-Padrino.jpg'><img decoding=\"async\" width=\"446\" height=\"595\" src=\"https:\/\/fundacionpaulacristina.org\/wp-content\/uploads\/2024\/01\/Plan-Padrino.jpg\" class=\"attachment-full size-full\" alt=\"\" srcset=\"https:\/\/fundacionpaulacristina.org\/wp-content\/uploads\/2024\/01\/Plan-Padrino.jpg 446w, https:\/\/fundacionpaulacristina.org\/wp-content\/uploads\/2024\/01\/Plan-Padrino-225x300.jpg 225w\" sizes=\"(max-width: 446px) 100vw, 446px\" \/><\/a>\n\t\t\t<\/div><\/figure><figure class='gallery-item'>\n\t\t\t<div class='gallery-icon landscape'>\n\t\t\t\t<a data-elementor-open-lightbox=\"yes\" data-elementor-lightbox-slideshow=\"d45b00d\" data-e-action-hash=\"#elementor-action%3Aaction%3Dlightbox%26settings%3DeyJpZCI6MzcsInVybCI6Imh0dHBzOlwvXC9mdW5kYWNpb25wYXVsYWNyaXN0aW5hLm9yZ1wvd3AtY29udGVudFwvdXBsb2Fkc1wvMjAyNFwvMDFcL0RvbmFjaW9uZXMucG5nIiwic2xpZGVzaG93IjoiZDQ1YjAwZCJ9\" href='https:\/\/fundacionpaulacristina.org\/wp-content\/uploads\/2024\/01\/Donaciones.png'><img loading=\"lazy\" decoding=\"async\" width=\"2415\" height=\"2192\" src=\"https:\/\/fundacionpaulacristina.org\/wp-content\/uploads\/2024\/01\/Donaciones.png\" class=\"attachment-full size-full\" alt=\"\" srcset=\"https:\/\/fundacionpaulacristina.org\/wp-content\/uploads\/2024\/01\/Donaciones.png 2415w, https:\/\/fundacionpaulacristina.org\/wp-content\/uploads\/2024\/01\/Donaciones-300x272.png 300w, https:\/\/fundacionpaulacristina.org\/wp-content\/uploads\/2024\/01\/Donaciones-1024x929.png 1024w, https:\/\/fundacionpaulacristina.org\/wp-content\/uploads\/2024\/01\/Donaciones-768x697.png 768w, https:\/\/fundacionpaulacristina.org\/wp-content\/uploads\/2024\/01\/Donaciones-1536x1394.png 1536w, https:\/\/fundacionpaulacristina.org\/wp-content\/uploads\/2024\/01\/Donaciones-2048x1859.png 2048w\" sizes=\"(max-width: 2415px) 100vw, 2415px\" \/><\/a>\n\t\t\t<\/div><\/figure><figure class='gallery-item'>\n\t\t\t<div class='gallery-icon portrait'>\n\t\t\t\t<a data-elementor-open-lightbox=\"yes\" data-elementor-lightbox-slideshow=\"d45b00d\" data-e-action-hash=\"#elementor-action%3Aaction%3Dlightbox%26settings%3DeyJpZCI6NDQxLCJ1cmwiOiJodHRwczpcL1wvZnVuZGFjaW9ucGF1bGFjcmlzdGluYS5vcmdcL3dwLWNvbnRlbnRcL3VwbG9hZHNcLzIwMjRcLzAxXC9BdGVuY2lvbmVzLVBzaWNvbG9naWNhcy5wbmciLCJzbGlkZXNob3ciOiJkNDViMDBkIn0%3D\" href='https:\/\/fundacionpaulacristina.org\/wp-content\/uploads\/2024\/01\/Atenciones-Psicologicas.png'><img loading=\"lazy\" decoding=\"async\" width=\"387\" height=\"747\" src=\"https:\/\/fundacionpaulacristina.org\/wp-content\/uploads\/2024\/01\/Atenciones-Psicologicas.png\" class=\"attachment-full size-full\" alt=\"\" srcset=\"https:\/\/fundacionpaulacristina.org\/wp-content\/uploads\/2024\/01\/Atenciones-Psicologicas.png 387w, https:\/\/fundacionpaulacristina.org\/wp-content\/uploads\/2024\/01\/Atenciones-Psicologicas-155x300.png 155w\" sizes=\"(max-width: 387px) 100vw, 387px\" \/><\/a>\n\t\t\t<\/div><\/figure><figure class='gallery-item'>\n\t\t\t<div class='gallery-icon portrait'>\n\t\t\t\t<a data-elementor-open-lightbox=\"yes\" data-elementor-lightbox-slideshow=\"d45b00d\" data-e-action-hash=\"#elementor-action%3Aaction%3Dlightbox%26settings%3DeyJpZCI6MzUsInVybCI6Imh0dHBzOlwvXC9mdW5kYWNpb25wYXVsYWNyaXN0aW5hLm9yZ1wvd3AtY29udGVudFwvdXBsb2Fkc1wvMjAyNFwvMDFcL0JhemFyLVBlcm1hbmVudGUuanBnIiwic2xpZGVzaG93IjoiZDQ1YjAwZCJ9\" href='https:\/\/fundacionpaulacristina.org\/wp-content\/uploads\/2024\/01\/Bazar-Permanente.jpg'><img loading=\"lazy\" decoding=\"async\" width=\"457\" height=\"608\" src=\"https:\/\/fundacionpaulacristina.org\/wp-content\/uploads\/2024\/01\/Bazar-Permanente.jpg\" class=\"attachment-full size-full\" alt=\"\" srcset=\"https:\/\/fundacionpaulacristina.org\/wp-content\/uploads\/2024\/01\/Bazar-Permanente.jpg 457w, https:\/\/fundacionpaulacristina.org\/wp-content\/uploads\/2024\/01\/Bazar-Permanente-225x300.jpg 225w\" sizes=\"(max-width: 457px) 100vw, 457px\" \/><\/a>\n\t\t\t<\/div><\/figure>\n\t\t<\/div>\n\t\t<\/div>\n\t\t\t\t<\/div>\n\t\t\t\t<\/div>\n\t\t\t\t\t<\/div>\n\t\t\t\t<\/div>\n\t\t\t\t<\/div>","protected":false},"excerpt":{"rendered":"<p>Ser parte del plan Padrino Es una oportunidad gratificante para hacer una diferencia positiva en la vida de los peque\u00f1os. Es asumir un compromiso de apoyo para brindar ayuda con sus necesidades b\u00e1sicas como educaci\u00f3n, salud y alimentaci\u00f3n. Objetivo del plan padrino Ofrecer atenci\u00f3n integral y acompa\u00f1amiento familiar tanto a madres de familia como a [&hellip;]<\/p>","protected":false},"author":1,"featured_media":0,"parent":0,"menu_order":0,"comment_status":"closed","ping_status":"closed","template":"","meta":{"footnotes":""},"class_list":["post-518","page","type-page","status-publish","hentry"],"_links":{"self":[{"href":"https:\/\/fundacionpaulacristina.org\/en\/wp-json\/wp\/v2\/pages\/518","targetHints":{"allow":["GET"]}}],"collection":[{"href":"https:\/\/fundacionpaulacristina.org\/en\/wp-json\/wp\/v2\/pages"}],"about":[{"href":"https:\/\/fundacionpaulacristina.org\/en\/wp-json\/wp\/v2\/types\/page"}],"author":[{"embeddable":true,"href":"https:\/\/fundacionpaulacristina.org\/en\/wp-json\/wp\/v2\/users\/1"}],"replies":[{"embeddable":true,"href":"https:\/\/fundacionpaulacristina.org\/en\/wp-json\/wp\/v2\/comments?post=518"}],"version-history":[{"count":0,"href":"https:\/\/fundacionpaulacristina.org\/en\/wp-json\/wp\/v2\/pages\/518\/revisions"}],"wp:attachment":[{"href":"https:\/\/fundacionpaulacristina.org\/en\/wp-json\/wp\/v2\/media?parent=518"}],"curies":[{"name":"wp","href":"https:\/\/api.w.org\/{rel}","templated":true}]}}